{"id":5522,"date":"2026-02-11T12:25:10","date_gmt":"2026-02-11T12:25:10","guid":{"rendered":"https:\/\/ansagroup.com.tr\/?page_id=5522"},"modified":"2026-02-23T14:49:07","modified_gmt":"2026-02-23T14:49:07","slug":"referanslar","status":"publish","type":"page","link":"https:\/\/ansagroup.com.tr\/en\/referanslar\/","title":{"rendered":"References"},"content":{"rendered":"<div data-elementor-type=\"wp-page\" data-elementor-id=\"5522\" class=\"elementor elementor-5522\" data-elementor-post-type=\"page\">\n\t\t\t\t\t\t<section class=\"elementor-section elementor-top-section elementor-element elementor-element-87de464 elementor-section-full_width elementor-section-stretched elementor-section-height-default elementor-section-height-default\" data-id=\"87de464\" data-element_type=\"section\" data-e-type=\"section\" data-settings=\"{&quot;stretch_section&quot;:&quot;section-stretched&quot;,&quot;background_background&quot;:&quot;classic&quot;,&quot;shape_divider_bottom&quot;:&quot;triangle&quot;,&quot;shape_divider_bottom_negative&quot;:&quot;yes&quot;}\">\n\t\t\t\t\t\t\t<div class=\"elementor-background-overlay\"><\/div>\n\t\t\t\t\t\t<div class=\"elementor-shape elementor-shape-bottom\" aria-hidden=\"true\" data-negative=\"true\">\n\t\t\t<svg xmlns=\"http:\/\/www.w3.org\/2000\/svg\" viewbox=\"0 0 1000 100\" preserveaspectratio=\"none\">\n\t<path class=\"elementor-shape-fill\" d=\"M500.2,94.7L0,0v100h1000V0L500.2,94.7z\"\/>\n<\/svg>\t\t<\/div>\n\t\t\t\t\t<div class=\"elementor-container elementor-column-gap-default\">\n\t\t\t\t\t<div class=\"elementor-column elementor-col-100 elementor-top-column elementor-element elementor-element-1f973e3\" data-id=\"1f973e3\" data-element_type=\"column\" data-e-type=\"column\">\n\t\t\t<div class=\"elementor-widget-wrap\">\n\t\t\t\t\t\t\t<\/div>\n\t\t<\/div>\n\t\t\t\t\t<\/div>\n\t\t<\/section>\n\t\t\t\t<section class=\"elementor-section elementor-top-section elementor-element elementor-element-8556a01 elementor-section-boxed elementor-section-height-default elementor-section-height-default\" data-id=\"8556a01\" data-element_type=\"section\" data-e-type=\"section\" data-settings=\"{&quot;background_background&quot;:&quot;classic&quot;}\">\n\t\t\t\t\t\t\t<div class=\"elementor-background-overlay\"><\/div>\n\t\t\t\t\t\t\t<div class=\"elementor-container elementor-column-gap-custom\">\n\t\t\t\t\t<div class=\"elementor-column elementor-col-100 elementor-top-column elementor-element elementor-element-5410c9d\" data-id=\"5410c9d\" data-element_type=\"column\" data-e-type=\"column\">\n\t\t\t<div class=\"elementor-widget-wrap elementor-element-populated\">\n\t\t\t\t\t\t<div class=\"elementor-element elementor-element-5e5850d elementor-widget elementor-widget-tx_heading elh-el tx_heading\" data-id=\"5e5850d\" data-element_type=\"widget\" data-e-type=\"widget\" data-settings=\"{&quot;design_style&quot;:&quot;style_3&quot;}\" data-widget_type=\"tx_heading.default\">\n\t\t\t\t<div class=\"elementor-widget-container\">\n\t\t\t\t\t<div class=\"services-title-wrap tx-heading-section\">\n        <h5 class=\"fti-subtitle-1 tx-subTitle\">Ansa Group<\/h5>\n    <h2 class=\"tx-title fti-section-title-1 fti-split-text fti-split-in-right-1\">References<\/h2>    <\/div>\t\t\t\t<\/div>\n\t\t\t\t<\/div>\n\t\t\t\t<div class=\"elementor-element elementor-element-f1e3db3 elementor-widget elementor-widget-tx_heading elh-el tx_heading\" data-id=\"f1e3db3\" data-element_type=\"widget\" data-e-type=\"widget\" data-settings=\"{&quot;design_style&quot;:&quot;style_1&quot;}\" data-widget_type=\"tx_heading.default\">\n\t\t\t\t<div class=\"elementor-widget-container\">\n\t\t\t\t\t<div class=\"services-title-wrap tx-heading-section\">\n            <p class=\"tx-description\">\n        As ANSA GROUP, with years of industry experience, strong international partnerships, and a deep commitment to customer satisfaction, we not only provide production and sales services across T\u00fcrkiye but also export to many countries across Europe, Africa, and the Americas.<br \/>\n<br \/>\nAs ANSA GROUP, backed by years of industry experience, strong international partnerships, and a deep commitment to customer satisfaction, we provide production and sales services across T\u00fcrkiye, while also exporting to numerous countries throughout Europe, Africa, and the Americas.\n    <\/p>\n    <\/div>\t\t\t\t<\/div>\n\t\t\t\t<\/div>\n\t\t\t\t\t<\/div>\n\t\t<\/div>\n\t\t\t\t\t<\/div>\n\t\t<\/section>\n\t\t<div class=\"elementor-element elementor-element-3e12b21 e-flex e-con-boxed e-con e-parent\" data-id=\"3e12b21\" data-element_type=\"container\" data-e-type=\"container\">\n\t\t\t\t\t<div class=\"e-con-inner\">\n\t\t<div class=\"elementor-element elementor-element-04767aa e-con-full e-flex e-con e-child\" data-id=\"04767aa\" data-element_type=\"container\" data-e-type=\"container\">\n\t\t\t\t<div class=\"elementor-element elementor-element-61824ac elementor-widget elementor-widget-tx_count_box elh-el tx_count_box\" data-id=\"61824ac\" data-element_type=\"widget\" data-e-type=\"widget\" data-settings=\"{&quot;design_style&quot;:&quot;style_2&quot;}\" data-widget_type=\"tx_count_box.default\">\n\t\t\t\t<div class=\"elementor-widget-container\">\n\t\t\t\t\t<div class=\"fti-capacity-4-item\">\n    <div class=\"fti-capacity-4-item\">\n        <h2 class=\"number\"><span class=\"counter\">3<\/span>+<\/h2>\n                <h5 class=\"capacity-title\">on the continent<\/h5>\n            <\/div>\n<\/div>\t\t\t\t<\/div>\n\t\t\t\t<\/div>\n\t\t\t\t<div class=\"elementor-element elementor-element-832943a elementor-widget elementor-widget-tx_count_box elh-el tx_count_box\" data-id=\"832943a\" data-element_type=\"widget\" data-e-type=\"widget\" data-settings=\"{&quot;design_style&quot;:&quot;style_2&quot;}\" data-widget_type=\"tx_count_box.default\">\n\t\t\t\t<div class=\"elementor-widget-container\">\n\t\t\t\t\t<div class=\"fti-capacity-4-item\">\n    <div class=\"fti-capacity-4-item\">\n        <h2 class=\"number\"><span class=\"counter\">15<\/span>+<\/h2>\n                <h5 class=\"capacity-title\">to countries<\/h5>\n            <\/div>\n<\/div>\t\t\t\t<\/div>\n\t\t\t\t<\/div>\n\t\t\t\t<div class=\"elementor-element elementor-element-2a36a0a elementor-widget elementor-widget-tx_count_box elh-el tx_count_box\" data-id=\"2a36a0a\" data-element_type=\"widget\" data-e-type=\"widget\" data-settings=\"{&quot;design_style&quot;:&quot;style_2&quot;}\" data-widget_type=\"tx_count_box.default\">\n\t\t\t\t<div class=\"elementor-widget-container\">\n\t\t\t\t\t<div class=\"fti-capacity-4-item\">\n    <div class=\"fti-capacity-4-item\">\n        <h2 class=\"number\"><span class=\"counter\">25<\/span>+<\/h2>\n                <h5 class=\"capacity-title\">across multiple industries<\/h5>\n            <\/div>\n<\/div>\t\t\t\t<\/div>\n\t\t\t\t<\/div>\n\t\t\t\t<div class=\"elementor-element elementor-element-1c03653 elementor-widget elementor-widget-tx_count_box elh-el tx_count_box\" data-id=\"1c03653\" data-element_type=\"widget\" data-e-type=\"widget\" data-settings=\"{&quot;design_style&quot;:&quot;style_2&quot;}\" data-widget_type=\"tx_count_box.default\">\n\t\t\t\t<div class=\"elementor-widget-container\">\n\t\t\t\t\t<div class=\"fti-capacity-4-item\">\n    <div class=\"fti-capacity-4-item\">\n        <h2 class=\"number\"><span class=\"counter\">1300<\/span>+<\/h2>\n                <h5 class=\"capacity-title\">Client References<\/h5>\n            <\/div>\n<\/div>\t\t\t\t<\/div>\n\t\t\t\t<\/div>\n\t\t\t\t<\/div>\n\t\t<div class=\"elementor-element elementor-element-b3eaa7e e-con-full e-flex e-con e-child\" data-id=\"b3eaa7e\" data-element_type=\"container\" data-e-type=\"container\">\n\t\t\t\t<div class=\"elementor-element elementor-element-2ef3c47 elementor-widget elementor-widget-image\" data-id=\"2ef3c47\" data-element_type=\"widget\" data-e-type=\"widget\" data-widget_type=\"image.default\">\n\t\t\t\t\t\t\t\t\t\t\t\t\t\t\t<img fetchpriority=\"high\" decoding=\"async\" width=\"640\" height=\"580\" src=\"https:\/\/ansagroup.com.tr\/wp-content\/uploads\/2026\/02\/ansa-group-referans-gorsel-e1771247375423.jpg\" class=\"attachment-large size-large wp-image-6081\" alt=\"\" srcset=\"https:\/\/ansagroup.com.tr\/wp-content\/uploads\/2026\/02\/ansa-group-referans-gorsel-e1771247375423.jpg 776w, https:\/\/ansagroup.com.tr\/wp-content\/uploads\/2026\/02\/ansa-group-referans-gorsel-e1771247375423-300x272.jpg 300w, https:\/\/ansagroup.com.tr\/wp-content\/uploads\/2026\/02\/ansa-group-referans-gorsel-e1771247375423-768x696.jpg 768w\" sizes=\"(max-width: 640px) 100vw, 640px\" \/>\t\t\t\t\t\t\t\t\t\t\t\t\t\t\t<\/div>\n\t\t\t\t<\/div>\n\t\t\t\t\t<\/div>\n\t\t\t\t<\/div>\n\t\t<div class=\"elementor-element elementor-element-71431f5 e-flex e-con-boxed e-con e-parent\" data-id=\"71431f5\" data-element_type=\"container\" data-e-type=\"container\">\n\t\t\t\t\t<div class=\"e-con-inner\">\n\t\t<div class=\"elementor-element elementor-element-3bffd75 e-con-full e-flex e-con e-child\" data-id=\"3bffd75\" data-element_type=\"container\" data-e-type=\"container\">\n\t\t\t\t<\/div>\n\t\t<div class=\"elementor-element elementor-element-2d37c53 e-con-full e-flex e-con e-child\" data-id=\"2d37c53\" data-element_type=\"container\" data-e-type=\"container\">\n\t\t\t\t<\/div>\n\t\t\t\t\t<\/div>\n\t\t\t\t<\/div>\n\t\t\t\t<\/div>","protected":false},"excerpt":{"rendered":"<p>Ansa Group Referanslar ANSA GROUP olarak; y\u0131llar\u0131n sekt\u00f6rel deneyimi, g\u00fc\u00e7l\u00fc uluslararas\u0131 ortakl\u0131klar ve m\u00fc\u015fteri memnuniyetine olan derin ba\u011fl\u0131l\u0131\u011f\u0131m\u0131zla, T\u00fcrkiye geneli \u00fcretim ve sat\u0131\u015f hizmetlerimizin yan\u0131 s\u0131ra Avrupa, Afrika ve Amerika k\u0131talar\u0131ndaki bir\u00e7ok \u00fclkeye de ihracat yap\u0131yoruz. Birle\u015fik Krall\u0131k, \u0130spanya, \u0130talya, Fransa, Romanya, Bulgaristan, G\u00fcrcistan, Moldova, H\u0131rvatistan, Yunanistan, Tunus, Gana, Kanada ve Amerika Birle\u015fik Devletleri dahil [&hellip;]<\/p>\n","protected":false},"author":1,"featured_media":0,"parent":0,"menu_order":0,"comment_status":"closed","ping_status":"closed","template":"elementor_header_footer","meta":{"inline_featured_image":false,"_joinchat":[],"footnotes":""},"class_list":["post-5522","page","type-page","status-publish","hentry"],"_links":{"self":[{"href":"https:\/\/ansagroup.com.tr\/en\/wp-json\/wp\/v2\/pages\/5522","targetHints":{"allow":["GET"]}}],"collection":[{"href":"https:\/\/ansagroup.com.tr\/en\/wp-json\/wp\/v2\/pages"}],"about":[{"href":"https:\/\/ansagroup.com.tr\/en\/wp-json\/wp\/v2\/types\/page"}],"author":[{"embeddable":true,"href":"https:\/\/ansagroup.com.tr\/en\/wp-json\/wp\/v2\/users\/1"}],"replies":[{"embeddable":true,"href":"https:\/\/ansagroup.com.tr\/en\/wp-json\/wp\/v2\/comments?post=5522"}],"version-history":[{"count":67,"href":"https:\/\/ansagroup.com.tr\/en\/wp-json\/wp\/v2\/pages\/5522\/revisions"}],"predecessor-version":[{"id":6190,"href":"https:\/\/ansagroup.com.tr\/en\/wp-json\/wp\/v2\/pages\/5522\/revisions\/6190"}],"wp:attachment":[{"href":"https:\/\/ansagroup.com.tr\/en\/wp-json\/wp\/v2\/media?parent=5522"}],"curies":[{"name":"wp","href":"https:\/\/api.w.org\/{rel}","templated":true}]}}