{"id":5450,"date":"2026-02-10T15:47:44","date_gmt":"2026-02-10T15:47:44","guid":{"rendered":"https:\/\/ansagroup.com.tr\/?page_id=5450"},"modified":"2026-03-03T15:39:53","modified_gmt":"2026-03-03T15:39:53","slug":"uretim-politikamiz","status":"publish","type":"page","link":"https:\/\/ansagroup.com.tr\/en\/uretim-politikamiz\/","title":{"rendered":"Manufacturing Policy"},"content":{"rendered":"<div data-elementor-type=\"wp-page\" data-elementor-id=\"5450\" class=\"elementor elementor-5450\" data-elementor-post-type=\"page\">\n\t\t\t\t\t\t<section class=\"elementor-section elementor-top-section elementor-element elementor-element-87de464 elementor-section-full_width elementor-section-stretched elementor-section-height-default elementor-section-height-default\" data-id=\"87de464\" data-element_type=\"section\" data-e-type=\"section\" data-settings=\"{&quot;stretch_section&quot;:&quot;section-stretched&quot;,&quot;background_background&quot;:&quot;classic&quot;,&quot;shape_divider_bottom&quot;:&quot;triangle&quot;,&quot;shape_divider_bottom_negative&quot;:&quot;yes&quot;}\">\n\t\t\t\t\t\t\t<div class=\"elementor-background-overlay\"><\/div>\n\t\t\t\t\t\t<div class=\"elementor-shape elementor-shape-bottom\" aria-hidden=\"true\" data-negative=\"true\">\n\t\t\t<svg xmlns=\"http:\/\/www.w3.org\/2000\/svg\" viewbox=\"0 0 1000 100\" preserveaspectratio=\"none\">\n\t<path class=\"elementor-shape-fill\" d=\"M500.2,94.7L0,0v100h1000V0L500.2,94.7z\"\/>\n<\/svg>\t\t<\/div>\n\t\t\t\t\t<div class=\"elementor-container elementor-column-gap-default\">\n\t\t\t\t\t<div class=\"elementor-column elementor-col-100 elementor-top-column elementor-element elementor-element-1f973e3\" data-id=\"1f973e3\" data-element_type=\"column\" data-e-type=\"column\">\n\t\t\t<div class=\"elementor-widget-wrap\">\n\t\t\t\t\t\t\t<\/div>\n\t\t<\/div>\n\t\t\t\t\t<\/div>\n\t\t<\/section>\n\t\t\t\t<section class=\"elementor-section elementor-top-section elementor-element elementor-element-8556a01 elementor-section-boxed elementor-section-height-default elementor-section-height-default\" data-id=\"8556a01\" data-element_type=\"section\" data-e-type=\"section\" data-settings=\"{&quot;background_background&quot;:&quot;classic&quot;}\">\n\t\t\t\t\t\t\t<div class=\"elementor-background-overlay\"><\/div>\n\t\t\t\t\t\t\t<div class=\"elementor-container elementor-column-gap-custom\">\n\t\t\t\t\t<div class=\"elementor-column elementor-col-100 elementor-top-column elementor-element elementor-element-5410c9d\" data-id=\"5410c9d\" data-element_type=\"column\" data-e-type=\"column\">\n\t\t\t<div class=\"elementor-widget-wrap elementor-element-populated\">\n\t\t\t\t\t\t<div class=\"elementor-element elementor-element-5e5850d elementor-widget elementor-widget-tx_heading elh-el tx_heading\" data-id=\"5e5850d\" data-element_type=\"widget\" data-e-type=\"widget\" data-settings=\"{&quot;design_style&quot;:&quot;style_3&quot;}\" data-widget_type=\"tx_heading.default\">\n\t\t\t\t<div class=\"elementor-widget-container\">\n\t\t\t\t\t<div class=\"services-title-wrap tx-heading-section\">\n        <h5 class=\"fti-subtitle-1 tx-subTitle\">Ansa Group<\/h5>\n    <h2 class=\"tx-title fti-section-title-1 fti-split-text fti-split-in-right-1\">Manufacturing Policy<\/h2>    <\/div>\t\t\t\t<\/div>\n\t\t\t\t<\/div>\n\t\t\t\t<div class=\"elementor-element elementor-element-f1e3db3 elementor-widget elementor-widget-tx_heading elh-el tx_heading\" data-id=\"f1e3db3\" data-element_type=\"widget\" data-e-type=\"widget\" data-settings=\"{&quot;design_style&quot;:&quot;style_1&quot;}\" data-widget_type=\"tx_heading.default\">\n\t\t\t\t<div class=\"elementor-widget-container\">\n\t\t\t\t\t<div class=\"services-title-wrap tx-heading-section\">\n            <p class=\"tx-description\">\n        As ANSA GROUP Plastic Packaging Industry and Trade Inc., we approach production as an integrated process managed and planned in line with the principles of quality, efficiency, and continuity.\n\nAt our \u0130zmir-based production facility, we combine modern manufacturing technologies with industry expertise, adopting the production of high-performance plastic packaging products as our core objective.<br \/>\n<br \/>\nAt every stage of our production processes\u2014from raw material selection to final product shipment\u2014all steps are carried out in accordance with defined standards and quality control criteria.\n\nWe continuously enhance our product range and production flexibility to provide fast and accurate solutions tailored to the needs of different industries.<br \/>\n<br \/>\nBy adopting production approaches that increase efficiency, optimize resource utilization, and minimize errors, we continuously invest in process improvement and technology development.\n\nIn this direction, while sustainably increasing our production capacity, we aim to ensure consistent and reliable product quality.<br \/>\n<br \/>\nAs ANSA GROUP, we consider occupational health and safety, environmentally responsible production practices, and employee competency as integral parts of our production policy.\nWithout compromising our ethical values, we are committed to fully fulfilling our responsibilities towards our customers and business partners through a compliant, reliable, and sustainable production approach.\n    <\/p>\n    <\/div>\t\t\t\t<\/div>\n\t\t\t\t<\/div>\n\t\t\t\t\t<\/div>\n\t\t<\/div>\n\t\t\t\t\t<\/div>\n\t\t<\/section>\n\t\t\t\t<\/div>","protected":false},"excerpt":{"rendered":"<p>Ansa Group \u00dcretim Politikam\u0131z ANSA GROUP Plastik Ambalaj San. ve Tic. A.\u015e. olarak \u00fcretimi; kalite, verimlilik ve s\u00fcreklilik ilkeleri do\u011frultusunda planlayan ve y\u00f6neten b\u00fct\u00fcnc\u00fcl bir s\u00fcre\u00e7 olarak ele al\u0131yoruz. \u0130zmir merkezli \u00fcretim tesisimizde, modern \u00fcretim teknolojileri ve sekt\u00f6r tecr\u00fcbemizi bir araya getirerek, y\u00fcksek performansl\u0131 plastik ambalaj \u00fcr\u00fcnleri \u00fcretmeyi temel hedefimiz olarak benimsiyoruz. \u00dcretim s\u00fcre\u00e7lerimizin her [&hellip;]<\/p>\n","protected":false},"author":1,"featured_media":0,"parent":0,"menu_order":0,"comment_status":"closed","ping_status":"closed","template":"elementor_header_footer","meta":{"inline_featured_image":false,"_joinchat":[],"footnotes":""},"class_list":["post-5450","page","type-page","status-publish","hentry"],"_links":{"self":[{"href":"https:\/\/ansagroup.com.tr\/en\/wp-json\/wp\/v2\/pages\/5450","targetHints":{"allow":["GET"]}}],"collection":[{"href":"https:\/\/ansagroup.com.tr\/en\/wp-json\/wp\/v2\/pages"}],"about":[{"href":"https:\/\/ansagroup.com.tr\/en\/wp-json\/wp\/v2\/types\/page"}],"author":[{"embeddable":true,"href":"https:\/\/ansagroup.com.tr\/en\/wp-json\/wp\/v2\/users\/1"}],"replies":[{"embeddable":true,"href":"https:\/\/ansagroup.com.tr\/en\/wp-json\/wp\/v2\/comments?post=5450"}],"version-history":[{"count":13,"href":"https:\/\/ansagroup.com.tr\/en\/wp-json\/wp\/v2\/pages\/5450\/revisions"}],"predecessor-version":[{"id":6353,"href":"https:\/\/ansagroup.com.tr\/en\/wp-json\/wp\/v2\/pages\/5450\/revisions\/6353"}],"wp:attachment":[{"href":"https:\/\/ansagroup.com.tr\/en\/wp-json\/wp\/v2\/media?parent=5450"}],"curies":[{"name":"wp","href":"https:\/\/api.w.org\/{rel}","templated":true}]}}