{"id":5429,"date":"2026-02-10T15:35:20","date_gmt":"2026-02-10T15:35:20","guid":{"rendered":"https:\/\/ansagroup.com.tr\/?page_id=5429"},"modified":"2026-02-10T15:41:18","modified_gmt":"2026-02-10T15:41:18","slug":"kvkk","status":"publish","type":"page","link":"https:\/\/ansagroup.com.tr\/en\/kvkk\/","title":{"rendered":"KVKK"},"content":{"rendered":"<div data-elementor-type=\"wp-page\" data-elementor-id=\"5429\" class=\"elementor elementor-5429\" data-elementor-post-type=\"page\">\n\t\t\t\t\t\t<section class=\"elementor-section elementor-top-section elementor-element elementor-element-87de464 elementor-section-full_width elementor-section-stretched elementor-section-height-default elementor-section-height-default\" data-id=\"87de464\" data-element_type=\"section\" data-e-type=\"section\" data-settings=\"{&quot;stretch_section&quot;:&quot;section-stretched&quot;,&quot;background_background&quot;:&quot;classic&quot;,&quot;shape_divider_bottom&quot;:&quot;triangle&quot;,&quot;shape_divider_bottom_negative&quot;:&quot;yes&quot;}\">\n\t\t\t\t\t\t\t<div class=\"elementor-background-overlay\"><\/div>\n\t\t\t\t\t\t<div class=\"elementor-shape elementor-shape-bottom\" aria-hidden=\"true\" data-negative=\"true\">\n\t\t\t<svg xmlns=\"http:\/\/www.w3.org\/2000\/svg\" viewbox=\"0 0 1000 100\" preserveaspectratio=\"none\">\n\t<path class=\"elementor-shape-fill\" d=\"M500.2,94.7L0,0v100h1000V0L500.2,94.7z\"\/>\n<\/svg>\t\t<\/div>\n\t\t\t\t\t<div class=\"elementor-container elementor-column-gap-default\">\n\t\t\t\t\t<div class=\"elementor-column elementor-col-100 elementor-top-column elementor-element elementor-element-1f973e3\" data-id=\"1f973e3\" data-element_type=\"column\" data-e-type=\"column\">\n\t\t\t<div class=\"elementor-widget-wrap\">\n\t\t\t\t\t\t\t<\/div>\n\t\t<\/div>\n\t\t\t\t\t<\/div>\n\t\t<\/section>\n\t\t\t\t<section class=\"elementor-section elementor-top-section elementor-element elementor-element-8556a01 elementor-section-boxed elementor-section-height-default elementor-section-height-default\" data-id=\"8556a01\" data-element_type=\"section\" data-e-type=\"section\" data-settings=\"{&quot;background_background&quot;:&quot;classic&quot;}\">\n\t\t\t\t\t\t\t<div class=\"elementor-background-overlay\"><\/div>\n\t\t\t\t\t\t\t<div class=\"elementor-container elementor-column-gap-custom\">\n\t\t\t\t\t<div class=\"elementor-column elementor-col-100 elementor-top-column elementor-element elementor-element-5410c9d\" data-id=\"5410c9d\" data-element_type=\"column\" data-e-type=\"column\">\n\t\t\t<div class=\"elementor-widget-wrap elementor-element-populated\">\n\t\t\t\t\t\t<div class=\"elementor-element elementor-element-5e5850d elementor-widget elementor-widget-tx_heading elh-el tx_heading\" data-id=\"5e5850d\" data-element_type=\"widget\" data-e-type=\"widget\" data-settings=\"{&quot;design_style&quot;:&quot;style_3&quot;}\" data-widget_type=\"tx_heading.default\">\n\t\t\t\t<div class=\"elementor-widget-container\">\n\t\t\t\t\t<div class=\"services-title-wrap tx-heading-section\">\n        <h5 class=\"fti-subtitle-1 tx-subTitle\">Ansa Group<\/h5>\n    <h2 class=\"tx-title fti-section-title-1 fti-split-text fti-split-in-right-1\">GDPR \/ Data Protection Notice<\/h2>    <\/div>\t\t\t\t<\/div>\n\t\t\t\t<\/div>\n\t\t\t\t<div class=\"elementor-element elementor-element-338da0e elementor-widget elementor-widget-text-editor\" data-id=\"338da0e\" data-element_type=\"widget\" data-e-type=\"widget\" data-widget_type=\"text-editor.default\">\n\t\t\t\t\t\t\t\t\t<p>As ANSA GROUP Plastic Packaging Industry and Trade Inc. (\u201cANSA GROUP\u201d), we attach great importance to the security of your personal data in accordance with the Personal Data Protection Law No. 6698 (\u201cKVKK\u201d). This Privacy Notice has been prepared to inform you about the purposes for which your personal data is processed, the methods by which it is collected, the legal grounds, and your rights under KVKK.<\/p><p>Your personal data may be collected through our website, contact forms, e-mail, telephone, commercial relationship processes, and similar channels, either automatically or through non-automated means.\nThe collected personal data are processed for purposes such as providing our products and services, conducting communication activities, managing customer satisfaction processes, carrying out sales and marketing activities, fulfilling legal obligations, and ensuring that company operations are conducted in compliance with applicable legislation.<\/p><p>Your personal data may be shared, within the scope of the legal grounds specified in Articles 5 and 6 of the Law on the Protection of Personal Data (KVKK), with authorized public institutions and organizations, as well as with our business partners and service providers, where permitted by applicable legislation.\n\nYour data are retained for the duration required by the purposes of processing, and upon the expiry of such period, they are deleted, destroyed, or anonymized in accordance with applicable legislation.<\/p><p>Under Article 11 of the Law on the Protection of Personal Data (KVKK), you have the right to learn whether your personal data is processed, to request information if it has been processed, to learn whether it is used in accordance with its purpose, to request correction if it is incomplete or incorrectly processed, and to request its deletion.\nYou may submit your requests regarding these rights in writing by sending them via postal mail to \u00c7avu\u015f Mah. Eski Gediz Mevkii Sokak No:3 Menemen \u2013 \u0130ZM\u0130R, or alternatively\u2026 <a href=\"mailto:info@ansagroup.com.tr\">info@ansagroup.com.tr<\/a> adresine mail yoluyla iletebilirsiniz.<\/p><p><strong>Cookie Policy<\/strong><\/p><p>As ANSA GROUP Plastic Packaging Industry and Trade Inc., we use cookies to provide a better experience for our website visitors, improve site performance, and enhance our services. This Cookie Policy has been prepared to explain which types of cookies are used and for what purposes they are used.<\/p><p>Cookies can be classified as essential cookies required for the proper functioning of the website, performance and analytics cookies that help analyze website usage, and functional cookies that remember user preferences.\nEssential cookies are necessary for the website to function correctly and cannot be disabled.<\/p><p>Through performance and analytics cookies, we are able to analyze how our website is used and improve our content and service quality. Functional cookies, on the other hand, enable us to remember user preferences and provide a more personalized experience. The data collected through these cookies is processed in a way that does not directly allow the identification of individuals.<\/p><p>Users may accept, reject, or delete previously stored cookies through their browser settings. However, disabling cookies may cause some features of the website to not function properly.\nBy continuing to use our website, you are deemed to have accepted our Cookie Policy.<\/p>\t\t\t\t\t\t\t\t<\/div>\n\t\t\t\t\t<\/div>\n\t\t<\/div>\n\t\t\t\t\t<\/div>\n\t\t<\/section>\n\t\t\t\t<\/div>","protected":false},"excerpt":{"rendered":"<p>Ansa Group KVKK Ayd\u0131nlatma Metni ANSA GROUP Plastik Ambalaj San. ve Tic. A.\u015e. (\u201cANSA GROUP\u201d) olarak, 6698 say\u0131l\u0131 Ki\u015fisel Verilerin Korunmas\u0131 Kanunu (\u201cKVKK\u201d) uyar\u0131nca, ki\u015fisel verilerinizin g\u00fcvenli\u011fine \u00f6nem vermekteyiz. Bu Ayd\u0131nlatma Metni; ki\u015fisel verilerinizin hangi ama\u00e7larla i\u015flendi\u011fi, hangi y\u00f6ntemlerle topland\u0131\u011f\u0131, hukuki sebepleri ve KVKK kapsam\u0131ndaki haklar\u0131n\u0131z hakk\u0131nda sizleri bilgilendirmek amac\u0131yla haz\u0131rlanm\u0131\u015ft\u0131r. Ki\u015fisel verileriniz; web sitemiz, [&hellip;]<\/p>\n","protected":false},"author":1,"featured_media":0,"parent":0,"menu_order":0,"comment_status":"closed","ping_status":"closed","template":"elementor_header_footer","meta":{"inline_featured_image":false,"_joinchat":[],"footnotes":""},"class_list":["post-5429","page","type-page","status-publish","hentry"],"_links":{"self":[{"href":"https:\/\/ansagroup.com.tr\/en\/wp-json\/wp\/v2\/pages\/5429","targetHints":{"allow":["GET"]}}],"collection":[{"href":"https:\/\/ansagroup.com.tr\/en\/wp-json\/wp\/v2\/pages"}],"about":[{"href":"https:\/\/ansagroup.com.tr\/en\/wp-json\/wp\/v2\/types\/page"}],"author":[{"embeddable":true,"href":"https:\/\/ansagroup.com.tr\/en\/wp-json\/wp\/v2\/users\/1"}],"replies":[{"embeddable":true,"href":"https:\/\/ansagroup.com.tr\/en\/wp-json\/wp\/v2\/comments?post=5429"}],"version-history":[{"count":4,"href":"https:\/\/ansagroup.com.tr\/en\/wp-json\/wp\/v2\/pages\/5429\/revisions"}],"predecessor-version":[{"id":5446,"href":"https:\/\/ansagroup.com.tr\/en\/wp-json\/wp\/v2\/pages\/5429\/revisions\/5446"}],"wp:attachment":[{"href":"https:\/\/ansagroup.com.tr\/en\/wp-json\/wp\/v2\/media?parent=5429"}],"curies":[{"name":"wp","href":"https:\/\/api.w.org\/{rel}","templated":true}]}}