{"id":5394,"date":"2026-02-10T15:04:46","date_gmt":"2026-02-10T15:04:46","guid":{"rendered":"https:\/\/ansagroup.com.tr\/?page_id=5394"},"modified":"2026-02-27T15:31:45","modified_gmt":"2026-02-27T15:31:45","slug":"kalite-politikasi","status":"publish","type":"page","link":"https:\/\/ansagroup.com.tr\/en\/kalite-politikasi\/","title":{"rendered":"Quality Policy"},"content":{"rendered":"<div data-elementor-type=\"wp-page\" data-elementor-id=\"5394\" class=\"elementor elementor-5394\" data-elementor-post-type=\"page\">\n\t\t\t\t\t\t<section class=\"elementor-section elementor-top-section elementor-element elementor-element-87de464 elementor-section-full_width elementor-section-stretched elementor-section-height-default elementor-section-height-default\" data-id=\"87de464\" data-element_type=\"section\" data-e-type=\"section\" data-settings=\"{&quot;stretch_section&quot;:&quot;section-stretched&quot;,&quot;background_background&quot;:&quot;classic&quot;,&quot;shape_divider_bottom&quot;:&quot;triangle&quot;,&quot;shape_divider_bottom_negative&quot;:&quot;yes&quot;}\">\n\t\t\t\t\t\t\t<div class=\"elementor-background-overlay\"><\/div>\n\t\t\t\t\t\t<div class=\"elementor-shape elementor-shape-bottom\" aria-hidden=\"true\" data-negative=\"true\">\n\t\t\t<svg xmlns=\"http:\/\/www.w3.org\/2000\/svg\" viewbox=\"0 0 1000 100\" preserveaspectratio=\"none\">\n\t<path class=\"elementor-shape-fill\" d=\"M500.2,94.7L0,0v100h1000V0L500.2,94.7z\"\/>\n<\/svg>\t\t<\/div>\n\t\t\t\t\t<div class=\"elementor-container elementor-column-gap-default\">\n\t\t\t\t\t<div class=\"elementor-column elementor-col-100 elementor-top-column elementor-element elementor-element-1f973e3\" data-id=\"1f973e3\" data-element_type=\"column\" data-e-type=\"column\">\n\t\t\t<div class=\"elementor-widget-wrap\">\n\t\t\t\t\t\t\t<\/div>\n\t\t<\/div>\n\t\t\t\t\t<\/div>\n\t\t<\/section>\n\t\t\t\t<section class=\"elementor-section elementor-top-section elementor-element elementor-element-8556a01 elementor-section-boxed elementor-section-height-default elementor-section-height-default\" data-id=\"8556a01\" data-element_type=\"section\" data-e-type=\"section\" data-settings=\"{&quot;background_background&quot;:&quot;classic&quot;}\">\n\t\t\t\t\t\t\t<div class=\"elementor-background-overlay\"><\/div>\n\t\t\t\t\t\t\t<div class=\"elementor-container elementor-column-gap-custom\">\n\t\t\t\t\t<div class=\"elementor-column elementor-col-100 elementor-top-column elementor-element elementor-element-5410c9d\" data-id=\"5410c9d\" data-element_type=\"column\" data-e-type=\"column\">\n\t\t\t<div class=\"elementor-widget-wrap elementor-element-populated\">\n\t\t\t\t\t\t<div class=\"elementor-element elementor-element-5e5850d elementor-widget elementor-widget-tx_heading elh-el tx_heading\" data-id=\"5e5850d\" data-element_type=\"widget\" data-e-type=\"widget\" data-settings=\"{&quot;design_style&quot;:&quot;style_3&quot;}\" data-widget_type=\"tx_heading.default\">\n\t\t\t\t<div class=\"elementor-widget-container\">\n\t\t\t\t\t<div class=\"services-title-wrap tx-heading-section\">\n        <h5 class=\"fti-subtitle-1 tx-subTitle\">Ansa Group<\/h5>\n    <h2 class=\"tx-title fti-section-title-1 fti-split-text fti-split-in-right-1\">Quality Policy<\/h2>    <\/div>\t\t\t\t<\/div>\n\t\t\t\t<\/div>\n\t\t\t\t<div class=\"elementor-element elementor-element-f1e3db3 elementor-widget elementor-widget-tx_heading elh-el tx_heading\" data-id=\"f1e3db3\" data-element_type=\"widget\" data-e-type=\"widget\" data-settings=\"{&quot;design_style&quot;:&quot;style_1&quot;}\" data-widget_type=\"tx_heading.default\">\n\t\t\t\t<div class=\"elementor-widget-container\">\n\t\t\t\t\t<div class=\"services-title-wrap tx-heading-section\">\n            <p class=\"tx-description\">\n        As ANSA GROUP Plastic Packaging Industry and Trade Inc., we approach quality as a holistic management philosophy that is not limited to the final product, but extends from procurement to production, and from logistics to after-sales processes.\n\nWe plan our production activities in compliance with applicable national and international standards, ensuring sustainable and traceable quality at every stage.<br \/>\n<br \/>\nBy accurately analyzing customer expectations and needs, we adopt as our core objective the delivery of consistent product quality, on-time delivery, and reliable service.\n\nTo ensure the performance and continuity of our products, we regularly review our quality control processes and continuously improve them through a commitment to ongoing development.<br \/>\n<br \/>\nBy continuously updating our technological infrastructure and production methods, we aim to develop solutions that increase efficiency, minimize errors, and optimize resource utilization.\n\nIn this direction, we support training programs that enhance our employees\u2019 quality awareness and consider quality as an integral part of our corporate culture.<br \/>\n<br \/>\nAs ANSA GROUP, we act with full awareness of our responsibilities toward our customers, business partners, and the industry by embracing an environmentally conscious production approach, ethical business principles, and a commitment to long-term partnerships.\n\nWe are committed to being a reliable manufacturer without compromising our quality standards.\n    <\/p>\n    <\/div>\t\t\t\t<\/div>\n\t\t\t\t<\/div>\n\t\t\t\t\t<\/div>\n\t\t<\/div>\n\t\t\t\t\t<\/div>\n\t\t<\/section>\n\t\t\t\t<section class=\"elementor-section elementor-top-section elementor-element elementor-element-04da5db elementor-section-boxed elementor-section-height-default elementor-section-height-default\" data-id=\"04da5db\" data-element_type=\"section\" data-e-type=\"section\" data-settings=\"{&quot;background_background&quot;:&quot;classic&quot;}\">\n\t\t\t\t\t\t\t<div class=\"elementor-background-overlay\"><\/div>\n\t\t\t\t\t\t\t<div class=\"elementor-container elementor-column-gap-custom\">\n\t\t\t\t\t<div class=\"elementor-column elementor-col-100 elementor-top-column elementor-element elementor-element-b0ff3e6\" data-id=\"b0ff3e6\" data-element_type=\"column\" data-e-type=\"column\">\n\t\t\t<div class=\"elementor-widget-wrap elementor-element-populated\">\n\t\t\t\t\t\t<div class=\"elementor-element elementor-element-3be69f2 elementor-widget elementor-widget-tx_heading elh-el tx_heading\" data-id=\"3be69f2\" data-element_type=\"widget\" data-e-type=\"widget\" data-settings=\"{&quot;design_style&quot;:&quot;style_3&quot;}\" data-widget_type=\"tx_heading.default\">\n\t\t\t\t<div class=\"elementor-widget-container\">\n\t\t\t\t\t<div class=\"services-title-wrap tx-heading-section\">\n        <h5 class=\"fti-subtitle-1 tx-subTitle\">Ansa Group<\/h5>\n    <h2 class=\"tx-title fti-section-title-1 fti-split-text fti-split-in-right-1\">Certificates<\/h2>    <\/div>\t\t\t\t<\/div>\n\t\t\t\t<\/div>\n\t\t\t\t<section class=\"elementor-section elementor-inner-section elementor-element elementor-element-68c3696 elementor-section-full_width elementor-section-height-default elementor-section-height-default\" data-id=\"68c3696\" data-element_type=\"section\" data-e-type=\"section\" data-settings=\"{&quot;background_background&quot;:&quot;classic&quot;}\">\n\t\t\t\t\t\t<div class=\"elementor-container elementor-column-gap-default\">\n\t\t\t\t\t<div class=\"elementor-column elementor-col-20 elementor-inner-column elementor-element elementor-element-7deb5cd\" data-id=\"7deb5cd\" data-element_type=\"column\" data-e-type=\"column\">\n\t\t\t<div class=\"elementor-widget-wrap elementor-element-populated\">\n\t\t\t\t\t\t<div class=\"elementor-element elementor-element-017be18 elementor-widget elementor-widget-image\" data-id=\"017be18\" data-element_type=\"widget\" data-e-type=\"widget\" data-widget_type=\"image.default\">\n\t\t\t\t\t\t\t\t\t\t\t\t<figure class=\"wp-caption\">\n\t\t\t\t\t\t\t\t\t\t\t<a href=\"http:\/\/ansagroup.com.tr\/wp-content\/uploads\/2026\/02\/ISO-9001.pdf\" target=\"_blank\">\n\t\t\t\t\t\t\t<img decoding=\"async\" width=\"200\" height=\"200\" src=\"https:\/\/ansagroup.com.tr\/wp-content\/uploads\/2026\/02\/iso-9001-logo.jpg\" class=\"attachment-full size-full wp-image-5397\" alt=\"\" srcset=\"https:\/\/ansagroup.com.tr\/wp-content\/uploads\/2026\/02\/iso-9001-logo.jpg 200w, https:\/\/ansagroup.com.tr\/wp-content\/uploads\/2026\/02\/iso-9001-logo-150x150.jpg 150w, https:\/\/ansagroup.com.tr\/wp-content\/uploads\/2026\/02\/iso-9001-logo-100x100.jpg 100w\" sizes=\"(max-width: 200px) 100vw, 200px\" \/>\t\t\t\t\t\t\t\t<\/a>\n\t\t\t\t\t\t\t\t\t\t\t<figcaption class=\"widget-image-caption wp-caption-text\"><\/figcaption>\n\t\t\t\t\t\t\t\t\t\t<\/figure>\n\t\t\t\t\t\t\t\t\t<\/div>\n\t\t\t\t\t<\/div>\n\t\t<\/div>\n\t\t\t\t<div class=\"elementor-column elementor-col-20 elementor-inner-column elementor-element elementor-element-8d6441e\" data-id=\"8d6441e\" data-element_type=\"column\" data-e-type=\"column\">\n\t\t\t<div class=\"elementor-widget-wrap elementor-element-populated\">\n\t\t\t\t\t\t<div class=\"elementor-element elementor-element-16a04ed elementor-widget elementor-widget-image\" data-id=\"16a04ed\" data-element_type=\"widget\" data-e-type=\"widget\" data-widget_type=\"image.default\">\n\t\t\t\t\t\t\t\t\t\t\t\t<figure class=\"wp-caption\">\n\t\t\t\t\t\t\t\t\t\t\t<a href=\"http:\/\/ansagroup.com.tr\/wp-content\/uploads\/2026\/02\/ISO-10002.pdf\" target=\"_blank\">\n\t\t\t\t\t\t\t<img decoding=\"async\" width=\"200\" height=\"200\" src=\"https:\/\/ansagroup.com.tr\/wp-content\/uploads\/2026\/02\/iso-10002-logo.jpg\" class=\"attachment-full size-full wp-image-5398\" alt=\"\" srcset=\"https:\/\/ansagroup.com.tr\/wp-content\/uploads\/2026\/02\/iso-10002-logo.jpg 200w, https:\/\/ansagroup.com.tr\/wp-content\/uploads\/2026\/02\/iso-10002-logo-150x150.jpg 150w, https:\/\/ansagroup.com.tr\/wp-content\/uploads\/2026\/02\/iso-10002-logo-100x100.jpg 100w\" sizes=\"(max-width: 200px) 100vw, 200px\" \/>\t\t\t\t\t\t\t\t<\/a>\n\t\t\t\t\t\t\t\t\t\t\t<figcaption class=\"widget-image-caption wp-caption-text\"><\/figcaption>\n\t\t\t\t\t\t\t\t\t\t<\/figure>\n\t\t\t\t\t\t\t\t\t<\/div>\n\t\t\t\t\t<\/div>\n\t\t<\/div>\n\t\t\t\t<div class=\"elementor-column elementor-col-20 elementor-inner-column elementor-element elementor-element-35d0ce7\" data-id=\"35d0ce7\" data-element_type=\"column\" data-e-type=\"column\">\n\t\t\t<div class=\"elementor-widget-wrap elementor-element-populated\">\n\t\t\t\t\t\t<div class=\"elementor-element elementor-element-36c8a1e elementor-widget elementor-widget-image\" data-id=\"36c8a1e\" data-element_type=\"widget\" data-e-type=\"widget\" data-widget_type=\"image.default\">\n\t\t\t\t\t\t\t\t\t\t\t\t<figure class=\"wp-caption\">\n\t\t\t\t\t\t\t\t\t\t\t<a href=\"http:\/\/ansagroup.com.tr\/wp-content\/uploads\/2026\/02\/ISO-14001.pdf\" target=\"_blank\">\n\t\t\t\t\t\t\t<img decoding=\"async\" width=\"200\" height=\"200\" src=\"https:\/\/ansagroup.com.tr\/wp-content\/uploads\/2026\/02\/iso-14001-logo.jpg\" class=\"attachment-full size-full wp-image-5399\" alt=\"\" srcset=\"https:\/\/ansagroup.com.tr\/wp-content\/uploads\/2026\/02\/iso-14001-logo.jpg 200w, https:\/\/ansagroup.com.tr\/wp-content\/uploads\/2026\/02\/iso-14001-logo-150x150.jpg 150w, https:\/\/ansagroup.com.tr\/wp-content\/uploads\/2026\/02\/iso-14001-logo-100x100.jpg 100w\" sizes=\"(max-width: 200px) 100vw, 200px\" \/>\t\t\t\t\t\t\t\t<\/a>\n\t\t\t\t\t\t\t\t\t\t\t<figcaption class=\"widget-image-caption wp-caption-text\"><\/figcaption>\n\t\t\t\t\t\t\t\t\t\t<\/figure>\n\t\t\t\t\t\t\t\t\t<\/div>\n\t\t\t\t\t<\/div>\n\t\t<\/div>\n\t\t\t\t<div class=\"elementor-column elementor-col-20 elementor-inner-column elementor-element elementor-element-a0fcd19\" data-id=\"a0fcd19\" data-element_type=\"column\" data-e-type=\"column\">\n\t\t\t<div class=\"elementor-widget-wrap elementor-element-populated\">\n\t\t\t\t\t\t<div class=\"elementor-element elementor-element-b6722d5 elementor-widget elementor-widget-image\" data-id=\"b6722d5\" data-element_type=\"widget\" data-e-type=\"widget\" data-widget_type=\"image.default\">\n\t\t\t\t\t\t\t\t\t\t\t\t<figure class=\"wp-caption\">\n\t\t\t\t\t\t\t\t\t\t\t<a href=\"http:\/\/ansagroup.com.tr\/wp-content\/uploads\/2026\/02\/ISO-22000.pdf\" target=\"_blank\">\n\t\t\t\t\t\t\t<img loading=\"lazy\" decoding=\"async\" width=\"200\" height=\"200\" src=\"https:\/\/ansagroup.com.tr\/wp-content\/uploads\/2026\/02\/iso-22000-logo.jpg\" class=\"attachment-full size-full wp-image-5400\" alt=\"\" srcset=\"https:\/\/ansagroup.com.tr\/wp-content\/uploads\/2026\/02\/iso-22000-logo.jpg 200w, https:\/\/ansagroup.com.tr\/wp-content\/uploads\/2026\/02\/iso-22000-logo-150x150.jpg 150w, https:\/\/ansagroup.com.tr\/wp-content\/uploads\/2026\/02\/iso-22000-logo-100x100.jpg 100w\" sizes=\"(max-width: 200px) 100vw, 200px\" \/>\t\t\t\t\t\t\t\t<\/a>\n\t\t\t\t\t\t\t\t\t\t\t<figcaption class=\"widget-image-caption wp-caption-text\"><\/figcaption>\n\t\t\t\t\t\t\t\t\t\t<\/figure>\n\t\t\t\t\t\t\t\t\t<\/div>\n\t\t\t\t\t<\/div>\n\t\t<\/div>\n\t\t\t\t<div class=\"elementor-column elementor-col-20 elementor-inner-column elementor-element elementor-element-099f60e\" data-id=\"099f60e\" data-element_type=\"column\" data-e-type=\"column\">\n\t\t\t<div class=\"elementor-widget-wrap elementor-element-populated\">\n\t\t\t\t\t\t<div class=\"elementor-element elementor-element-5d91347 elementor-widget elementor-widget-image\" data-id=\"5d91347\" data-element_type=\"widget\" data-e-type=\"widget\" data-widget_type=\"image.default\">\n\t\t\t\t\t\t\t\t\t\t\t\t<figure class=\"wp-caption\">\n\t\t\t\t\t\t\t\t\t\t\t<a href=\"http:\/\/ansagroup.com.tr\/wp-content\/uploads\/2026\/02\/ISO-31000.pdf\" target=\"_blank\">\n\t\t\t\t\t\t\t<img loading=\"lazy\" decoding=\"async\" width=\"200\" height=\"200\" src=\"https:\/\/ansagroup.com.tr\/wp-content\/uploads\/2026\/02\/iso-31000-logo.jpg\" class=\"attachment-full size-full wp-image-5401\" alt=\"\" srcset=\"https:\/\/ansagroup.com.tr\/wp-content\/uploads\/2026\/02\/iso-31000-logo.jpg 200w, https:\/\/ansagroup.com.tr\/wp-content\/uploads\/2026\/02\/iso-31000-logo-150x150.jpg 150w, https:\/\/ansagroup.com.tr\/wp-content\/uploads\/2026\/02\/iso-31000-logo-100x100.jpg 100w\" sizes=\"(max-width: 200px) 100vw, 200px\" \/>\t\t\t\t\t\t\t\t<\/a>\n\t\t\t\t\t\t\t\t\t\t\t<figcaption class=\"widget-image-caption wp-caption-text\"><\/figcaption>\n\t\t\t\t\t\t\t\t\t\t<\/figure>\n\t\t\t\t\t\t\t\t\t<\/div>\n\t\t\t\t\t<\/div>\n\t\t<\/div>\n\t\t\t\t\t<\/div>\n\t\t<\/section>\n\t\t\t\t\t<\/div>\n\t\t<\/div>\n\t\t\t\t\t<\/div>\n\t\t<\/section>\n\t\t\t\t<\/div>","protected":false},"excerpt":{"rendered":"<p>Ansa Group Kalite Politikam\u0131z ANSA GROUP Plastik Ambalaj San. ve Tic. A.\u015e. olarak kaliteyi; yaln\u0131zca nihai \u00fcr\u00fcnle s\u0131n\u0131rl\u0131 olmayan, tedarikten \u00fcretime, sevkiyattan sat\u0131\u015f sonras\u0131 s\u00fcre\u00e7lere kadar uzanan b\u00fct\u00fcnc\u00fcl bir y\u00f6netim anlay\u0131\u015f\u0131 olarak ele al\u0131yoruz. \u00dcretim faaliyetlerimizi, y\u00fcr\u00fcrl\u00fckteki ulusal ve uluslararas\u0131 standartlara uygun \u015fekilde planlayarak, her a\u015famada s\u00fcrd\u00fcr\u00fclebilir ve izlenebilir kaliteyi esas al\u0131yoruz. M\u00fc\u015fteri beklenti ve [&hellip;]<\/p>\n","protected":false},"author":1,"featured_media":0,"parent":0,"menu_order":0,"comment_status":"closed","ping_status":"closed","template":"elementor_header_footer","meta":{"inline_featured_image":false,"_joinchat":[],"footnotes":""},"class_list":["post-5394","page","type-page","status-publish","hentry"],"_links":{"self":[{"href":"https:\/\/ansagroup.com.tr\/en\/wp-json\/wp\/v2\/pages\/5394","targetHints":{"allow":["GET"]}}],"collection":[{"href":"https:\/\/ansagroup.com.tr\/en\/wp-json\/wp\/v2\/pages"}],"about":[{"href":"https:\/\/ansagroup.com.tr\/en\/wp-json\/wp\/v2\/types\/page"}],"author":[{"embeddable":true,"href":"https:\/\/ansagroup.com.tr\/en\/wp-json\/wp\/v2\/users\/1"}],"replies":[{"embeddable":true,"href":"https:\/\/ansagroup.com.tr\/en\/wp-json\/wp\/v2\/comments?post=5394"}],"version-history":[{"count":43,"href":"https:\/\/ansagroup.com.tr\/en\/wp-json\/wp\/v2\/pages\/5394\/revisions"}],"predecessor-version":[{"id":6349,"href":"https:\/\/ansagroup.com.tr\/en\/wp-json\/wp\/v2\/pages\/5394\/revisions\/6349"}],"wp:attachment":[{"href":"https:\/\/ansagroup.com.tr\/en\/wp-json\/wp\/v2\/media?parent=5394"}],"curies":[{"name":"wp","href":"https:\/\/api.w.org\/{rel}","templated":true}]}}