{"id":5368,"date":"2026-02-10T14:53:35","date_gmt":"2026-02-10T14:53:35","guid":{"rendered":"https:\/\/ansagroup.com.tr\/?page_id=5368"},"modified":"2026-03-03T15:40:29","modified_gmt":"2026-03-03T15:40:29","slug":"misyon-vizyon","status":"publish","type":"page","link":"https:\/\/ansagroup.com.tr\/en\/misyon-vizyon\/","title":{"rendered":"Mission &amp; Vision"},"content":{"rendered":"<div data-elementor-type=\"wp-page\" data-elementor-id=\"5368\" class=\"elementor elementor-5368\" data-elementor-post-type=\"page\">\n\t\t\t\t\t\t<section class=\"elementor-section elementor-top-section elementor-element elementor-element-87de464 elementor-section-full_width elementor-section-stretched elementor-section-height-default elementor-section-height-default\" data-id=\"87de464\" data-element_type=\"section\" data-e-type=\"section\" data-settings=\"{&quot;stretch_section&quot;:&quot;section-stretched&quot;,&quot;background_background&quot;:&quot;classic&quot;,&quot;shape_divider_bottom&quot;:&quot;triangle&quot;,&quot;shape_divider_bottom_negative&quot;:&quot;yes&quot;}\">\n\t\t\t\t\t\t\t<div class=\"elementor-background-overlay\"><\/div>\n\t\t\t\t\t\t<div class=\"elementor-shape elementor-shape-bottom\" aria-hidden=\"true\" data-negative=\"true\">\n\t\t\t<svg xmlns=\"http:\/\/www.w3.org\/2000\/svg\" viewbox=\"0 0 1000 100\" preserveaspectratio=\"none\">\n\t<path class=\"elementor-shape-fill\" d=\"M500.2,94.7L0,0v100h1000V0L500.2,94.7z\"\/>\n<\/svg>\t\t<\/div>\n\t\t\t\t\t<div class=\"elementor-container elementor-column-gap-default\">\n\t\t\t\t\t<div class=\"elementor-column elementor-col-100 elementor-top-column elementor-element elementor-element-1f973e3\" data-id=\"1f973e3\" data-element_type=\"column\" data-e-type=\"column\">\n\t\t\t<div class=\"elementor-widget-wrap\">\n\t\t\t\t\t\t\t<\/div>\n\t\t<\/div>\n\t\t\t\t\t<\/div>\n\t\t<\/section>\n\t\t\t\t<section class=\"elementor-section elementor-top-section elementor-element elementor-element-8556a01 elementor-section-boxed elementor-section-height-default elementor-section-height-default\" data-id=\"8556a01\" data-element_type=\"section\" data-e-type=\"section\" data-settings=\"{&quot;background_background&quot;:&quot;classic&quot;}\">\n\t\t\t\t\t\t\t<div class=\"elementor-background-overlay\"><\/div>\n\t\t\t\t\t\t\t<div class=\"elementor-container elementor-column-gap-custom\">\n\t\t\t\t\t<div class=\"elementor-column elementor-col-50 elementor-top-column elementor-element elementor-element-5410c9d\" data-id=\"5410c9d\" data-element_type=\"column\" data-e-type=\"column\">\n\t\t\t<div class=\"elementor-widget-wrap elementor-element-populated\">\n\t\t\t\t\t\t<div class=\"elementor-element elementor-element-5e5850d elementor-widget elementor-widget-tx_heading elh-el tx_heading\" data-id=\"5e5850d\" data-element_type=\"widget\" data-e-type=\"widget\" data-settings=\"{&quot;design_style&quot;:&quot;style_3&quot;}\" data-widget_type=\"tx_heading.default\">\n\t\t\t\t<div class=\"elementor-widget-container\">\n\t\t\t\t\t<div class=\"services-title-wrap tx-heading-section\">\n        <h5 class=\"fti-subtitle-1 tx-subTitle\">Ansa Group<\/h5>\n    <h2 class=\"tx-title fti-section-title-1 fti-split-text fti-split-in-right-1\">Our Mission<\/h2>    <\/div>\t\t\t\t<\/div>\n\t\t\t\t<\/div>\n\t\t\t\t<div class=\"elementor-element elementor-element-f1e3db3 elementor-widget elementor-widget-tx_heading elh-el tx_heading\" data-id=\"f1e3db3\" data-element_type=\"widget\" data-e-type=\"widget\" data-settings=\"{&quot;design_style&quot;:&quot;style_1&quot;}\" data-widget_type=\"tx_heading.default\">\n\t\t\t\t<div class=\"elementor-widget-container\">\n\t\t\t\t\t<div class=\"services-title-wrap tx-heading-section\">\n            <p class=\"tx-description\">\n        Our mission is to produce reliable and efficient plastic packaging solutions that meet the packaging, protection, and logistics needs of various industries at high quality standards.\n\nWe prioritize quality control, process discipline, and customer satisfaction at every stage of production, aiming to establish long-term and sustainable business partnerships.<br \/>\n<br \/> At the same time, we adopt as our core mission the creation of sustainable value for our employees, business partners, and customers, acting with environmental responsibility and maintaining an unwavering commitment to ethical business principles. ANSA GROUP aims to continuously advance its production strength through the integration of experience, technology, and a people-oriented approach.\n    <\/p>\n    <\/div>\t\t\t\t<\/div>\n\t\t\t\t<\/div>\n\t\t\t\t<div class=\"elementor-element elementor-element-b7e4a1e elementor-widget elementor-widget-tx_image_box elh-el tx_image_box\" data-id=\"b7e4a1e\" data-element_type=\"widget\" data-e-type=\"widget\" data-settings=\"{&quot;design_style&quot;:&quot;style_2&quot;,&quot;image_1&quot;:{&quot;url&quot;:&quot;http:\\\/\\\/ansagroup.com.tr\\\/wp-content\\\/uploads\\\/2026\\\/02\\\/misyon-2.jpg&quot;,&quot;id&quot;:6306,&quot;size&quot;:&quot;&quot;,&quot;alt&quot;:&quot;&quot;,&quot;source&quot;:&quot;library&quot;}}\" data-widget_type=\"tx_image_box.default\">\n\t\t\t\t<div class=\"elementor-widget-container\">\n\t\t\t\t\t<div class=\"main-img img-cover wow bounceInUp\">\n    <img decoding=\"async\"\n    src=\"http:\/\/ansagroup.com.tr\/wp-content\/uploads\/2026\/02\/misyon-2.jpg\"\n    alt=\"misyon-2\">\n<\/div>\n\t\t\t\t<\/div>\n\t\t\t\t<\/div>\n\t\t\t\t\t<\/div>\n\t\t<\/div>\n\t\t\t\t<div class=\"elementor-column elementor-col-50 elementor-top-column elementor-element elementor-element-c3e5ac3\" data-id=\"c3e5ac3\" data-element_type=\"column\" data-e-type=\"column\">\n\t\t\t<div class=\"elementor-widget-wrap elementor-element-populated\">\n\t\t\t\t\t\t<div class=\"elementor-element elementor-element-e285b45 elementor-widget elementor-widget-tx_image_box elh-el tx_image_box\" data-id=\"e285b45\" data-element_type=\"widget\" data-e-type=\"widget\" data-settings=\"{&quot;design_style&quot;:&quot;style_2&quot;,&quot;image_1&quot;:{&quot;url&quot;:&quot;http:\\\/\\\/ansagroup.com.tr\\\/wp-content\\\/uploads\\\/2026\\\/02\\\/misyon-111.png&quot;,&quot;id&quot;:6337,&quot;size&quot;:&quot;&quot;,&quot;alt&quot;:&quot;&quot;,&quot;source&quot;:&quot;library&quot;}}\" data-widget_type=\"tx_image_box.default\">\n\t\t\t\t<div class=\"elementor-widget-container\">\n\t\t\t\t\t<div class=\"main-img img-cover wow bounceInUp\">\n    <img decoding=\"async\"\n    src=\"http:\/\/ansagroup.com.tr\/wp-content\/uploads\/2026\/02\/misyon-111.png\"\n    alt=\"misyon-111\">\n<\/div>\n\t\t\t\t<\/div>\n\t\t\t\t<\/div>\n\t\t\t\t<div class=\"elementor-element elementor-element-d03cac4 elementor-widget elementor-widget-tx_heading elh-el tx_heading\" data-id=\"d03cac4\" data-element_type=\"widget\" data-e-type=\"widget\" data-settings=\"{&quot;design_style&quot;:&quot;style_3&quot;}\" data-widget_type=\"tx_heading.default\">\n\t\t\t\t<div class=\"elementor-widget-container\">\n\t\t\t\t\t<div class=\"services-title-wrap tx-heading-section\">\n        <h5 class=\"fti-subtitle-1 tx-subTitle\">Ansa Group<\/h5>\n    <h2 class=\"tx-title fti-section-title-1 fti-split-text fti-split-in-right-1\">Our Vision<\/h2>    <\/div>\t\t\t\t<\/div>\n\t\t\t\t<\/div>\n\t\t\t\t<div class=\"elementor-element elementor-element-1e27590 elementor-widget elementor-widget-tx_heading elh-el tx_heading\" data-id=\"1e27590\" data-element_type=\"widget\" data-e-type=\"widget\" data-settings=\"{&quot;design_style&quot;:&quot;style_1&quot;}\" data-widget_type=\"tx_heading.default\">\n\t\t\t\t<div class=\"elementor-widget-container\">\n\t\t\t\t\t<div class=\"services-title-wrap tx-heading-section\">\n            <p class=\"tx-description\">\n        As ANSA GROUP, our vision is to become a benchmark brand in both national and international markets in the plastic packaging industry, through our commitment to quality, reliability, and sustainable manufacturing practices.\n\nBy closely following evolving technologies, we aim to be a production hub that delivers fast and accurate solutions to changing industry needs and produces high value-added products.<br \/>\n\n\n.<br \/>In the long term, we aim to establish a lasting position in the industry as a brand that develops not only today\u2019s but also future packaging solutions, with environmentally responsible production processes, consistent quality standards, and a strong corporate structure.\n\nAt ANSA GROUP, growth is defined not merely by capacity expansion, but by trust, continuity, and global competitiveness.\n    <\/p>\n    <\/div>\t\t\t\t<\/div>\n\t\t\t\t<\/div>\n\t\t\t\t\t<\/div>\n\t\t<\/div>\n\t\t\t\t\t<\/div>\n\t\t<\/section>\n\t\t\t\t<\/div>","protected":false},"excerpt":{"rendered":"<p>Ansa Group Misyonumuz Misyonumuz; farkl\u0131 sekt\u00f6rlerin ambalajlama, koruma ve lojistik ihtiya\u00e7lar\u0131na y\u00f6nelik, y\u00fcksek kalite standartlar\u0131nda, g\u00fcvenilir ve verimli plastik ambalaj \u00e7\u00f6z\u00fcmleri \u00fcretmektir. \u00dcretimin her a\u015famas\u0131nda kalite kontrol, s\u00fcre\u00e7 disiplini ve m\u00fc\u015fteri memnuniyetini \u00f6n planda tutarak, uzun soluklu i\u015f birlikleri kurmay\u0131 esas al\u0131yoruz. Ayn\u0131 zamanda; \u00e7al\u0131\u015fanlar\u0131m\u0131z, i\u015f ortaklar\u0131m\u0131z ve m\u00fc\u015fterilerimiz i\u00e7in s\u00fcrd\u00fcr\u00fclebilir de\u011fer yaratmay\u0131, \u00e7evresel sorumluluk [&hellip;]<\/p>\n","protected":false},"author":1,"featured_media":0,"parent":0,"menu_order":0,"comment_status":"closed","ping_status":"closed","template":"elementor_header_footer","meta":{"inline_featured_image":false,"_joinchat":[],"footnotes":""},"class_list":["post-5368","page","type-page","status-publish","hentry"],"_links":{"self":[{"href":"https:\/\/ansagroup.com.tr\/en\/wp-json\/wp\/v2\/pages\/5368","targetHints":{"allow":["GET"]}}],"collection":[{"href":"https:\/\/ansagroup.com.tr\/en\/wp-json\/wp\/v2\/pages"}],"about":[{"href":"https:\/\/ansagroup.com.tr\/en\/wp-json\/wp\/v2\/types\/page"}],"author":[{"embeddable":true,"href":"https:\/\/ansagroup.com.tr\/en\/wp-json\/wp\/v2\/users\/1"}],"replies":[{"embeddable":true,"href":"https:\/\/ansagroup.com.tr\/en\/wp-json\/wp\/v2\/comments?post=5368"}],"version-history":[{"count":37,"href":"https:\/\/ansagroup.com.tr\/en\/wp-json\/wp\/v2\/pages\/5368\/revisions"}],"predecessor-version":[{"id":6357,"href":"https:\/\/ansagroup.com.tr\/en\/wp-json\/wp\/v2\/pages\/5368\/revisions\/6357"}],"wp:attachment":[{"href":"https:\/\/ansagroup.com.tr\/en\/wp-json\/wp\/v2\/media?parent=5368"}],"curies":[{"name":"wp","href":"https:\/\/api.w.org\/{rel}","templated":true}]}}